{"id":39,"date":"2021-09-13T10:06:54","date_gmt":"2021-09-13T08:06:54","guid":{"rendered":"https:\/\/www.zgkrutki.pl\/?page_id=39"},"modified":"2021-09-13T10:07:15","modified_gmt":"2021-09-13T08:07:15","slug":"deklaracja-dostepnosci","status":"publish","type":"page","link":"https:\/\/www.zgkrutki.pl\/index.php\/deklaracja-dostepnosci\/","title":{"rendered":"Deklaracja dost\u0119pno\u015bci"},"content":{"rendered":"\n<p>Serwis zosta\u0142 zaprojektowany tak, aby by\u0142 mo\u017cliwy do obs\u0142u\u017cenia dla jak najszerszej grupy u\u017cytkownik\u00f3w, niezale\u017cnie od u\u017cywanej technologii, oprogramowania lub posiadanej dysfunkcji.<br>Nieustannie poszukujemy rozwi\u0105za\u0144 aby zwi\u0119kszy\u0107 dost\u0119pno\u015b\u0107 i u\u017cyteczno\u015b\u0107 naszej strony internetowej. Je\u017celi masz jakie\u015b uwagi albo komentarze skontaktuj si\u0119 z nami.<\/p>\n\n\n\n<h3 class=\"wp-block-heading\">Zgodno\u015b\u0107 ze standardami:<\/h3>\n\n\n\n<p>Serwis jest zgodny ze standardami W3C:<\/p>\n\n\n\n<ul class=\"wp-block-list\"><li>HTML 5<\/li><li>WCAG 2.0 (Podw\u00f3jne A)<\/li><\/ul>\n\n\n\n<h3 class=\"wp-block-heading\">Kompatybilno\u015b\u0107:<\/h3>\n\n\n\n<p>Serwis jest w pe\u0142ni rozpoznawalny przez programy czytaj\u0105ce dla os\u00f3b niewidomych Window-Eyes, JAWS czy NVDA.<br>Obs\u0142uga serwisu mo\u017cliwa jest zar\u00f3wno przy pomocy klawiatury jak i myszki.<\/p>\n\n\n\n<h3 class=\"wp-block-heading\">Wygl\u0105d:<\/h3>\n\n\n\n<p>Serwis jest wyposa\u017cony w mechanizmy u\u0142atwiaj\u0105ce przegl\u0105danie tre\u015bci przez osoby niedowidz\u0105ce. Zmiana wielko\u015bci czcionki, zmiana kontrastu.<br>Ca\u0142o\u015b\u0107 serwisu oparta jest na stylach CSS.<\/p>\n\n\n\n<h3 class=\"wp-block-heading\">Skr\u00f3ty klawiaturowe:<\/h3>\n\n\n\n<p>Serwis nie jest wyposa\u017cony w skr\u00f3ty klawiaturowe, kt\u00f3re mog\u0142y by wchodzi\u0107 w konflikt z technologiami asystuj\u0105cymi (np. programy czytaj\u0105ce), systemem lub aplikacjami u\u017cytkownik\u00f3w.<\/p>\n\n\n\n<p>Data publikacji strony internetowej: 01 listopada 2019 r.<\/p>\n\n\n\n<p>Data aktualizacji strony internetowej: 13 wrzesie\u0144 2021 r<\/p>\n\n\n\n<p><strong>Status pod wzgl\u0119dem zgodno\u015bci<\/strong><\/p>\n\n\n\n<p>Strona internetowa jest zgodna z ustaw\u0105 z dnia 4 kwietnia 2019 r. o dost\u0119pno\u015bci cyfrowej stron internetowych i aplikacji mobilnych podmiot\u00f3w publicznych<\/p>\n\n\n\n<p>Elementy zapewniaj\u0105ce dost\u0119pno\u015b\u0107 cyfrow\u0105 strony internetowej:<\/p>\n\n\n\n<ul class=\"wp-block-list\"><li>U\u017cytkownicy korzystaj\u0105cy wy\u0142\u0105cznie z&nbsp;klawiatury mog\u0105 swobodnie porusza\u0107 si\u0119 po serwisie za pomoc\u0105 klawisza Tab.<\/li><li>Zadbano o&nbsp;odpowiedni kontrast tekstu do t\u0142a. Dzi\u0119ki temu materia\u0142y osadzone na stronie s\u0105 czytelne tak\u017ce dla os\u00f3b s\u0142abiej widz\u0105cych.<\/li><li>Czcionka jest skalowalna<\/li><li>Zdj\u0119cia i&nbsp;grafiki w&nbsp;serwisie maj\u0105 w\u0142a\u015bciwie zdefiniowane alternatywne opisy, aby ich tre\u015b\u0107 by\u0142a zrozumia\u0142a dla os\u00f3b niewidomych oraz os\u00f3b kt\u00f3re nie wy\u015bwietlaj\u0105 grafiki na przyk\u0142ad na urz\u0105dzeniach mobilnych.<\/li><li>Linki \u2013 tak\u017ce te prowadz\u0105ce do serwis\u00f3w zewn\u0119trznych \u2013 otwieraj\u0105 si\u0119 w&nbsp;tym samym oknie.<\/li><li>W ca\u0142ym serwisie w\u0142\u0105czony jest tzw. fokus, czyli domy\u015blne oznaczenie aktywnego linka czy pola formularza. Fokus przemieszcza si\u0119 po wszystkich widocznych elementach aktywnych strony w logicznej kolejno\u015bci \u2013 klawisz TAB.&nbsp;<\/li><\/ul>\n\n\n\n<p><strong>Data sporz\u0105dzenia Deklaracji i metoda oceny dost\u0119pno\u015bci cyfrowej<\/strong><\/p>\n\n\n\n<p>Niniejsze o\u015bwiadczenie sporz\u0105dzono dnia 01.11.2019 roku na podstawie samooceny dokonanej przez Urz\u0105d Gminy Rutki w&nbsp;odniesieniu do wytycznych okre\u015blonych w&nbsp;za\u0142\u0105czniku do ustawy z&nbsp;dnia 4&nbsp;kwietnia 2019 r. oraz skorzystano z&nbsp;dost\u0119pnego narz\u0119dzia do oceny strony: Test \u2013 European Internet Inclusion Initiative (<a href=\"http:\/\/checkers.eiii.eu\/\">http:\/\/checkers.eiii.eu\/<\/a> ), z&nbsp;kt\u00f3rego wynika, \u017ce strona internetowa http:\/\/www.gminarutki.pl spe\u0142nia wymagania w&nbsp;99.76 % (skala 1-100)<\/p>\n\n\n\n<p><strong>Informacje zwrotne i dane kontaktowe.<\/strong><\/p>\n\n\n\n<p>W przypadku problem\u00f3w z dost\u0119pno\u015bci\u0105 strony internetowej prosimy o kontakt: <strong>Pawe\u0142 Szeligowski <\/strong>adres e-mail <strong><a href=\"mailto:pszeligowski@gminarutki.pl?subject=Dostepnosc%20strony%20internetowej\">pabas@wp.pl<\/a><\/strong> Kontaktowa\u0107 mo\u017cna si\u0119 tak\u017ce dzwoni\u0105c na numer telefonu <strong>501 755 448.<\/strong> T\u0105 sam\u0105 drog\u0105 mo\u017cna sk\u0142ada\u0107 wnioski o udost\u0119pnienie informacji niedost\u0119pnej oraz sk\u0142ada\u0107 \u017c\u0105dania zapewnienia dost\u0119pno\u015bci.<\/p>\n\n\n\n<p>\u017b\u0105danie powinno zawiera\u0107:<\/p>\n\n\n\n<ol class=\"wp-block-list\"><li>dane osoby zg\u0142aszaj\u0105cej \u017c\u0105danie,<\/li><li>wskazanie, o kt\u00f3r\u0105 stron\u0119 internetow\u0105 chodzi oraz<\/li><li>spos\u00f3b kontaktu.<\/li><\/ol>\n\n\n\n<p><strong>Dost\u0119pno\u015b\u0107 architektoniczna<\/strong><\/p>\n\n\n\n<p>Budynek Zak\u0142adu Gospodarki Komunalnej jest budynkiem parterowym nie wymagaj\u0105cym podjazd\u00f3w.<\/p>\n\n\n\n<p>Korytarze i drzwi w budynku maj\u0105 szeroko\u015b\u0107 umo\u017cliwiaj\u0105c\u0105 bezproblemowe poruszanie si\u0119 os\u00f3b na w\u00f3zkach.<\/p>\n\n\n\n<p><strong>Link do strony Rzecznika Praw Obywatelskich \u2013 <a href=\"https:\/\/www.rpo.gov.pl\/\">https:\/\/www.rpo.gov.pl\/<\/a><\/strong><\/p>\n","protected":false},"excerpt":{"rendered":"<p>Serwis zosta\u0142 zaprojektowany tak, aby by\u0142 mo\u017cliwy do obs\u0142u\u017cenia dla jak najszerszej grupy u\u017cytkownik\u00f3w, niezale\u017cnie od u\u017cywanej technologii, oprogramowania lub posiadanej dysfunkcji.Nieustannie poszukujemy rozwi\u0105za\u0144 aby zwi\u0119kszy\u0107 dost\u0119pno\u015b\u0107 i u\u017cyteczno\u015b\u0107 naszej strony internetowej. Je\u017celi masz jakie\u015b uwagi albo komentarze skontaktuj si\u0119 &hellip; <a href=\"https:\/\/www.zgkrutki.pl\/index.php\/deklaracja-dostepnosci\/\">Continued<\/a><\/p>\n","protected":false},"author":1,"featured_media":0,"parent":0,"menu_order":0,"comment_status":"closed","ping_status":"closed","template":"","meta":{"footnotes":""},"class_list":["post-39","page","type-page","status-publish","hentry"],"_links":{"self":[{"href":"https:\/\/www.zgkrutki.pl\/index.php\/wp-json\/wp\/v2\/pages\/39","targetHints":{"allow":["GET"]}}],"collection":[{"href":"https:\/\/www.zgkrutki.pl\/index.php\/wp-json\/wp\/v2\/pages"}],"about":[{"href":"https:\/\/www.zgkrutki.pl\/index.php\/wp-json\/wp\/v2\/types\/page"}],"author":[{"embeddable":true,"href":"https:\/\/www.zgkrutki.pl\/index.php\/wp-json\/wp\/v2\/users\/1"}],"replies":[{"embeddable":true,"href":"https:\/\/www.zgkrutki.pl\/index.php\/wp-json\/wp\/v2\/comments?post=39"}],"version-history":[{"count":1,"href":"https:\/\/www.zgkrutki.pl\/index.php\/wp-json\/wp\/v2\/pages\/39\/revisions"}],"predecessor-version":[{"id":40,"href":"https:\/\/www.zgkrutki.pl\/index.php\/wp-json\/wp\/v2\/pages\/39\/revisions\/40"}],"wp:attachment":[{"href":"https:\/\/www.zgkrutki.pl\/index.php\/wp-json\/wp\/v2\/media?parent=39"}],"curies":[{"name":"wp","href":"https:\/\/api.w.org\/{rel}","templated":true}]}}